{"id":1581,"date":"2019-12-18T21:58:21","date_gmt":"2019-12-18T21:58:21","guid":{"rendered":"https:\/\/www.yazilimperver.com\/?page_id=1581"},"modified":"2022-05-04T20:14:35","modified_gmt":"2022-05-04T20:14:35","slug":"oyun-ve-uygulamalar","status":"publish","type":"page","link":"https:\/\/www.yazilimperver.com\/index.php\/oyun-ve-uygulamalar\/","title":{"rendered":"Oyun ve Uygulamalar"},"content":{"rendered":"<p><\/p>\n<h1 style=\"text-align: center;\"><span style=\"color: #000080;\">SocketBox Android Uygulamas\u0131<\/span><\/h1>\n<p><img loading=\"lazy\" decoding=\"async\" class=\"size-medium wp-image-1616 aligncenter\" src=\"https:\/\/www.yazilimperver.com\/wp-content\/uploads\/2020\/01\/logo-300x300.png\" alt=\"\" width=\"300\" height=\"300\" srcset=\"https:\/\/www.yazilimperver.com\/wp-content\/uploads\/2020\/01\/logo-300x300.png 300w, https:\/\/www.yazilimperver.com\/wp-content\/uploads\/2020\/01\/logo-150x150.png 150w, https:\/\/www.yazilimperver.com\/wp-content\/uploads\/2020\/01\/logo-500x500.png 500w, https:\/\/www.yazilimperver.com\/wp-content\/uploads\/2020\/01\/logo-400x400.png 400w, https:\/\/www.yazilimperver.com\/wp-content\/uploads\/2020\/01\/logo-200x200.png 200w, https:\/\/www.yazilimperver.com\/wp-content\/uploads\/2020\/01\/logo-57x57.png 57w, https:\/\/www.yazilimperver.com\/wp-content\/uploads\/2020\/01\/logo-72x72.png 72w, https:\/\/www.yazilimperver.com\/wp-content\/uploads\/2020\/01\/logo-114x114.png 114w, https:\/\/www.yazilimperver.com\/wp-content\/uploads\/2020\/01\/logo-144x144.png 144w, https:\/\/www.yazilimperver.com\/wp-content\/uploads\/2020\/01\/logo.png 512w\" sizes=\"auto, (max-width: 300px) 100vw, 300px\" \/><\/p>\n<p>SocketBox, bir soket test uygulamas\u0131nda ihtiya\u00e7 duyaca\u011f\u0131n\u0131z bir \u00e7ok kabiliyeti i\u00e7erisinde bar\u0131nd\u0131rmaktad\u0131r.<\/p>\n<p>Uygulama ile birlikte, TCP\/IP sunucu, istemci ve UDP soket kabiliyetlerini do\u011frulayabilece\u011finiz gibi, a\u015fa\u011f\u0131da \u00f6zetlemeye \u00e7al\u0131\u015ft\u0131\u011f\u0131m bir \u00e7ok faydal\u0131 arac\u0131 da kullanabileceksiniz:<\/p>\n<p><strong><span style=\"text-decoration: underline;\"><span style=\"color: #0000ff; text-decoration: underline;\">Kabiliyetler:<\/span><\/span><\/strong><\/p>\n<ul>\n<li>TCP\/IP sunucu\/istemci ve UDP birimleri i\u00e7in, ayn\u0131 anda kullan\u0131labilecek ayr\u0131 sayfalar (bir di\u011fer ifade ile uygulama i\u00e7erisinde TCP istemci ile sunucuyu ba\u011flayabilirsiniz \ud83d\ude09<\/li>\n<li><strong>TCP\/IP Sunucu Paneli<\/strong>\n<ul>\n<li>TCP\/IP sunucu kabiliyetlerinin kullan\u0131m\u0131,<\/li>\n<li>Birden fazla TCP\/IP istemci ba\u011flant\u0131s\u0131,<\/li>\n<li>\u0130leti\u015fim ge\u00e7mi\u015finin tutulmas\u0131,<\/li>\n<li>\u0130stemcilerle bire bir mesajla\u015fma ve mesaj filtreleme,<\/li>\n<li>Ba\u011flanabilecek istemci say\u0131s\u0131n\u0131n ayarlanmas\u0131.<\/li>\n<\/ul>\n<\/li>\n<li><strong>TCP\/IP \u0130stemci Paneli<\/strong>\n<ul>\n<li>TCP\/IP istemci kabiliyetlerinin kullan\u0131m\u0131,<\/li>\n<li>TCP\/IP sunucular\u0131na ba\u011flanma,<\/li>\n<li>\u0130leti\u015fim ge\u00e7mi\u015finin tutulmas\u0131,<\/li>\n<li>Sunucu i\u00e7in haz\u0131r IP kullan\u0131m\u0131.<\/li>\n<\/ul>\n<\/li>\n<li><strong>UDP\/IP Paneli<\/strong>\n<ul>\n<li>UDP\/IP kabiliyetlerinin kullan\u0131m\u0131,<\/li>\n<li>Verilen port \u00fczerinden UDP\/IP (Datagram) verilerinin dinlenmesi,<\/li>\n<li>Verilen adres ve porta UDP\/IP (datagram) paketlerinin g\u00f6nderilmesi,<\/li>\n<li>Conversation history,<\/li>\n<li>\u0130leti\u015fim ge\u00e7mi\u015finin tutulmas\u0131,<\/li>\n<li>Hedef ba\u011flant\u0131lar i\u00e7in haz\u0131r IP kullan\u0131m\u0131.<\/li>\n<\/ul>\n<\/li>\n<li><strong>Ayarlar Paneli<\/strong>\n<ul>\n<li>Uygulama i\u00e7erisinde kullan\u0131lan parametrelerin ayarlanmas\u0131,<\/li>\n<li>Uygulaman\u0131n \u00e7al\u0131\u015ft\u0131\u011f\u0131 cihaza ili\u015fkin yerel\/\u00f6zel IP adresleri, MAC adreslerinin listelenmesi,<\/li>\n<li>Bir TCP\/IP sunucusuna ba\u011flanabilecek maksimum istemci say\u0131s\u0131n\u0131n belirlenmesi,<\/li>\n<li>\u00a0Veri g\u00f6sterim ve giri\u015f y\u00f6nteminin belirlenmesi (ASCII ya da on alt\u0131l\u0131k say\u0131 sistemi),<\/li>\n<li>Mesajlar\u0131n sonuna yeni sat\u0131r\u0131n otomatik olarak eklenmesi,<\/li>\n<li>Haz\u0131r IP listesinin y\u00f6netilmesi (ekleme\/\u00e7\u0131karma\/g\u00fcncelleme).<\/li>\n<\/ul>\n<\/li>\n<li><strong>Kay\u0131t\/\u0130leti\u015fim Ge\u00e7mi\u015fi Kabiliyeti,<\/strong>\n<ul>\n<li>Her bir soket kabiliyet sayfas\u0131 i\u00e7erisinde bulunan ileti\u015fim ge\u00e7mi\u015fleri, kaydedilebilir, e-posta, whatsapp ve benzeri android taraf\u0131ndan izin verilern uygulamalar arac\u0131l\u0131\u011f\u0131 ile payla\u015f\u0131labilir.<\/li>\n<\/ul>\n<\/li>\n<li>Sol tarafta bulunan navigasyon bar\u0131, ekran\u0131n solundan s\u00fcr\u00fckleme hareketi ya da ekran\u0131n \u00fcst k\u0131sm\u0131nda bulunan men\u00fc d\u00fc\u011fmesi ile a\u00e7\u0131labilir, tersi hareket ve kapatma ikonuna t\u0131klanarak kapat\u0131labilir,<\/li>\n<li>Basit ve interaktif grafiksel kullan\u0131c\u0131 aray\u00fcz bile\u015fenleri,<\/li>\n<li>Mesajla\u015fma i\u00e7in veriler hem ASCII hem de on alt\u0131l\u0131k d\u00fczende girilebilir (on alt\u0131l\u0131k d\u00fczende giri\u015flerde telefon ya da ayg\u0131t\u0131n\u0131z\u0131n giri\u015f ayarlar\u0131ndan otomatik tamamlaman\u0131n kapal\u0131 oldu\u011fundan emin olunuz),<\/li>\n<li>Girilen IP adresleri saklanarak, daha sonra tekrar ilgili pencerelerde tek t\u0131klama ile kullan\u0131labilir.<\/li>\n<\/ul>\n<p>Bu arada, bu uygulamada kullan\u0131lan soket kabiliyetlerinin bir \u00e7o\u011funa ili\u015fkin bilgi ve koda a\u015fa\u011f\u0131daki yaz\u0131lar\u0131mdan ve github adresinden ula\u015fabilirsiniz:<\/p>\n<p><span style=\"color: #008000;\"><strong><a style=\"color: #008000;\" href=\"https:\/\/www.yazilimperver.com\/index.php\/2019\/06\/11\/basit-coklu-oyuncu-motoru-snake-v2-0-giris\/\">Basit \u00c7oklu Oyuncu Motoru \u2013 Snake v2.0 \u2013 Giri\u015f<\/a><\/strong><\/span><\/p>\n<p><span style=\"color: #008000;\"><strong><a class=\"row-title\" style=\"color: #008000;\" href=\"https:\/\/www.yazilimperver.com\/index.php\/2019\/07\/26\/qt-bcom-serisi-2\/\" aria-label=\"\u201cQT (B\u00c7OM Serisi \u2013 2)\u201d (D\u00fczenle)\">QT (B\u00c7OM Serisi \u2013 2)<\/a><\/strong><\/span><\/p>\n<p><span style=\"color: #008000;\"><strong><a class=\"row-title\" style=\"color: #008000;\" href=\"https:\/\/www.yazilimperver.com\/index.php\/2019\/08\/23\/qt-tcp-istemci-uygulamasi-bcom-serisi-3\/\" aria-label=\"\u201cQT TCP \u0130stemci Uygulamas\u0131 (B\u00c7OM Serisi \u2013 3)\u201d (D\u00fczenle)\">QT TCP \u0130stemci Uygulamas\u0131 (B\u00c7OM Serisi \u2013 3)<\/a><\/strong><\/span><\/p>\n<p><span style=\"color: #008000;\"><strong><a class=\"row-title\" style=\"color: #008000;\" href=\"https:\/\/www.yazilimperver.com\/index.php\/2019\/09\/29\/qt-tcp-sunucu-uygulamasi-bcom-serisi-4\/\" aria-label=\"\u201cQT TCP Sunucu Uygulamas\u0131 (B\u00c7OM Serisi \u2013 4)\u201d (D\u00fczenle)\">QT TCP Sunucu Uygulamas\u0131 (B\u00c7OM Serisi \u2013 4)<\/a><\/strong><\/span><\/p>\n<p><span style=\"color: #008000;\"><strong><a style=\"color: #008000;\" href=\"https:\/\/github.com\/yazilimperver\/SimpleMultiplayerGameEngine\">https:\/\/github.com\/yazilimperver\/SimpleMultiplayerGameEngine<\/a><\/strong><\/span><\/p>\n<p>Yeni \u00f6zellikler, her t\u00fcrl\u00fc yorum ve hata bildirimleri i\u00e7in <span style=\"color: #008000;\"><strong><a style=\"color: #008000;\" href=\"https:\/\/play.google.com\/store\/apps\/details?id=org.yazilimperver.SocketBoxApplication\">Google Socket Box Playstore sayfas\u0131\u00a0<\/a><\/strong><\/span>ya da bu sayfa \u00fczerinden bana ula\u015fabilirsiniz.<\/p>","protected":false},"excerpt":{"rendered":"<p>SocketBox Android Uygulamas\u0131 SocketBox, bir soket test uygulamas\u0131nda ihtiya\u00e7 duyaca\u011f\u0131n\u0131z bir \u00e7ok kabiliyeti i\u00e7erisinde bar\u0131nd\u0131rmaktad\u0131r. Uygulama ile birlikte, TCP\/IP sunucu, istemci ve UDP soket kabiliyetlerini do\u011frulayabilece\u011finiz gibi, a\u015fa\u011f\u0131da \u00f6zetlemeye \u00e7al\u0131\u015ft\u0131\u011f\u0131m bir \u00e7ok faydal\u0131 arac\u0131 da kullanabileceksiniz: Kabiliyetler: TCP\/IP sunucu\/istemci ve UDP birimleri i\u00e7in, ayn\u0131 anda kullan\u0131labilecek ayr\u0131 sayfalar (bir di\u011fer ifade ile uygulama i\u00e7erisinde TCP&#8230; <a class=\"more-link\" href=\"https:\/\/www.yazilimperver.com\/index.php\/oyun-ve-uygulamalar\/\">Continue reading <span class=\"meta-nav\">&#8594;<\/span><\/a><\/p>\n","protected":false},"author":2,"featured_media":0,"parent":0,"menu_order":1,"comment_status":"closed","ping_status":"closed","template":"","meta":{"_monsterinsights_skip_tracking":false,"_monsterinsights_sitenote_active":false,"_monsterinsights_sitenote_note":"","_monsterinsights_sitenote_category":0,"footnotes":""},"class_list":["post-1581","page","type-page","status-publish","hentry"],"yoast_head":"<!-- This site is optimized with the Yoast SEO plugin v21.0 - https:\/\/yoast.com\/wordpress\/plugins\/seo\/ -->\n<title>Oyun ve Uygulamalar - Yaz\u0131l\u0131mperver&#039;in D\u00fcnyas\u0131<\/title>\n<meta name=\"robots\" content=\"index, follow, max-snippet:-1, max-image-preview:large, max-video-preview:-1\" \/>\n<link rel=\"canonical\" href=\"https:\/\/www.yazilimperver.com\/index.php\/oyun-ve-uygulamalar\/\" \/>\n<meta property=\"og:locale\" content=\"tr_TR\" \/>\n<meta property=\"og:type\" content=\"article\" \/>\n<meta property=\"og:title\" content=\"[:tr]Oyun ve Uygulamalar[:en]Games and Applications[:] - Yaz\u0131l\u0131mperver&#039;in D\u00fcnyas\u0131\" \/>\n<meta property=\"og:description\" content=\"SocketBox Android Uygulamas\u0131 SocketBox, bir soket test uygulamas\u0131nda ihtiya\u00e7 duyaca\u011f\u0131n\u0131z bir \u00e7ok kabiliyeti i\u00e7erisinde bar\u0131nd\u0131rmaktad\u0131r. Uygulama ile birlikte, TCP\/IP sunucu, istemci ve UDP soket kabiliyetlerini do\u011frulayabilece\u011finiz gibi, a\u015fa\u011f\u0131da \u00f6zetlemeye \u00e7al\u0131\u015ft\u0131\u011f\u0131m bir \u00e7ok faydal\u0131 arac\u0131 da kullanabileceksiniz: Kabiliyetler: TCP\/IP sunucu\/istemci ve UDP birimleri i\u00e7in, ayn\u0131 anda kullan\u0131labilecek ayr\u0131 sayfalar (bir di\u011fer ifade ile uygulama i\u00e7erisinde TCP... Continue reading &#8594;\" \/>\n<meta property=\"og:url\" content=\"https:\/\/www.yazilimperver.com\/index.php\/oyun-ve-uygulamalar\/\" \/>\n<meta property=\"og:site_name\" content=\"Yaz\u0131l\u0131mperver&#039;in D\u00fcnyas\u0131\" \/>\n<meta property=\"article:modified_time\" content=\"2022-05-04T20:14:35+00:00\" \/>\n<meta property=\"og:image\" content=\"https:\/\/www.yazilimperver.com\/wp-content\/uploads\/2020\/01\/logo-300x300.png\" \/>\n<meta name=\"twitter:card\" content=\"summary_large_image\" \/>\n<meta name=\"twitter:label1\" content=\"Tahmini okuma s\u00fcresi\" \/>\n\t<meta name=\"twitter:data1\" content=\"4 dakika\" \/>\n<script type=\"application\/ld+json\" class=\"yoast-schema-graph\">{\"@context\":\"https:\/\/schema.org\",\"@graph\":[{\"@type\":\"WebPage\",\"@id\":\"https:\/\/www.yazilimperver.com\/index.php\/oyun-ve-uygulamalar\/\",\"url\":\"https:\/\/www.yazilimperver.com\/index.php\/oyun-ve-uygulamalar\/\",\"name\":\"[:tr]Oyun ve Uygulamalar[:en]Games and Applications[:] - Yaz\u0131l\u0131mperver&#039;in D\u00fcnyas\u0131\",\"isPartOf\":{\"@id\":\"https:\/\/www.yazilimperver.com\/#website\"},\"datePublished\":\"2019-12-18T21:58:21+00:00\",\"dateModified\":\"2022-05-04T20:14:35+00:00\",\"breadcrumb\":{\"@id\":\"https:\/\/www.yazilimperver.com\/index.php\/oyun-ve-uygulamalar\/#breadcrumb\"},\"inLanguage\":\"tr\",\"potentialAction\":[{\"@type\":\"ReadAction\",\"target\":[\"https:\/\/www.yazilimperver.com\/index.php\/oyun-ve-uygulamalar\/\"]}]},{\"@type\":\"BreadcrumbList\",\"@id\":\"https:\/\/www.yazilimperver.com\/index.php\/oyun-ve-uygulamalar\/#breadcrumb\",\"itemListElement\":[{\"@type\":\"ListItem\",\"position\":1,\"name\":\"Ana sayfa\",\"item\":\"https:\/\/www.yazilimperver.com\/\"},{\"@type\":\"ListItem\",\"position\":2,\"name\":\"Oyun ve Uygulamalar\"}]},{\"@type\":\"WebSite\",\"@id\":\"https:\/\/www.yazilimperver.com\/#website\",\"url\":\"https:\/\/www.yazilimperver.com\/\",\"name\":\"Yaz\u0131l\u0131mperver&#039;in D\u00fcnyas\u0131\",\"description\":\"Payla\u015fmak g\u00fczeldir.\",\"publisher\":{\"@id\":\"https:\/\/www.yazilimperver.com\/#\/schema\/person\/6497f6de4df6ba469748b861a2b3fcdb\"},\"potentialAction\":[{\"@type\":\"SearchAction\",\"target\":{\"@type\":\"EntryPoint\",\"urlTemplate\":\"https:\/\/www.yazilimperver.com\/?s={search_term_string}\"},\"query-input\":\"required name=search_term_string\"}],\"inLanguage\":\"tr\"},{\"@type\":[\"Person\",\"Organization\"],\"@id\":\"https:\/\/www.yazilimperver.com\/#\/schema\/person\/6497f6de4df6ba469748b861a2b3fcdb\",\"name\":\"yaz\u0131l\u0131mperver\",\"image\":{\"@type\":\"ImageObject\",\"inLanguage\":\"tr\",\"@id\":\"https:\/\/www.yazilimperver.com\/#\/schema\/person\/image\/\",\"url\":\"https:\/\/www.yazilimperver.com\/wp-content\/uploads\/2018\/04\/OnlyIcon-1-114x114.png\",\"contentUrl\":\"https:\/\/www.yazilimperver.com\/wp-content\/uploads\/2018\/04\/OnlyIcon-1-114x114.png\",\"caption\":\"yaz\u0131l\u0131mperver\"},\"logo\":{\"@id\":\"https:\/\/www.yazilimperver.com\/#\/schema\/person\/image\/\"}}]}<\/script>\n<!-- \/ Yoast SEO plugin. -->","yoast_head_json":{"title":"[:tr]Oyun ve Uygulamalar[:en]Games and Applications[:] - Yaz\u0131l\u0131mperver&#039;in D\u00fcnyas\u0131","robots":{"index":"index","follow":"follow","max-snippet":"max-snippet:-1","max-image-preview":"max-image-preview:large","max-video-preview":"max-video-preview:-1"},"canonical":"https:\/\/www.yazilimperver.com\/index.php\/oyun-ve-uygulamalar\/","og_locale":"tr_TR","og_type":"article","og_title":"[:tr]Oyun ve Uygulamalar[:en]Games and Applications[:] - Yaz\u0131l\u0131mperver&#039;in D\u00fcnyas\u0131","og_description":"SocketBox Android Uygulamas\u0131 SocketBox, bir soket test uygulamas\u0131nda ihtiya\u00e7 duyaca\u011f\u0131n\u0131z bir \u00e7ok kabiliyeti i\u00e7erisinde bar\u0131nd\u0131rmaktad\u0131r. Uygulama ile birlikte, TCP\/IP sunucu, istemci ve UDP soket kabiliyetlerini do\u011frulayabilece\u011finiz gibi, a\u015fa\u011f\u0131da \u00f6zetlemeye \u00e7al\u0131\u015ft\u0131\u011f\u0131m bir \u00e7ok faydal\u0131 arac\u0131 da kullanabileceksiniz: Kabiliyetler: TCP\/IP sunucu\/istemci ve UDP birimleri i\u00e7in, ayn\u0131 anda kullan\u0131labilecek ayr\u0131 sayfalar (bir di\u011fer ifade ile uygulama i\u00e7erisinde TCP... Continue reading &#8594;","og_url":"https:\/\/www.yazilimperver.com\/index.php\/oyun-ve-uygulamalar\/","og_site_name":"Yaz\u0131l\u0131mperver&#039;in D\u00fcnyas\u0131","article_modified_time":"2022-05-04T20:14:35+00:00","og_image":[{"url":"https:\/\/www.yazilimperver.com\/wp-content\/uploads\/2020\/01\/logo-300x300.png"}],"twitter_card":"summary_large_image","twitter_misc":{"Tahmini okuma s\u00fcresi":"4 dakika"},"schema":{"@context":"https:\/\/schema.org","@graph":[{"@type":"WebPage","@id":"https:\/\/www.yazilimperver.com\/index.php\/oyun-ve-uygulamalar\/","url":"https:\/\/www.yazilimperver.com\/index.php\/oyun-ve-uygulamalar\/","name":"[:tr]Oyun ve Uygulamalar[:en]Games and Applications[:] - Yaz\u0131l\u0131mperver&#039;in D\u00fcnyas\u0131","isPartOf":{"@id":"https:\/\/www.yazilimperver.com\/#website"},"datePublished":"2019-12-18T21:58:21+00:00","dateModified":"2022-05-04T20:14:35+00:00","breadcrumb":{"@id":"https:\/\/www.yazilimperver.com\/index.php\/oyun-ve-uygulamalar\/#breadcrumb"},"inLanguage":"tr","potentialAction":[{"@type":"ReadAction","target":["https:\/\/www.yazilimperver.com\/index.php\/oyun-ve-uygulamalar\/"]}]},{"@type":"BreadcrumbList","@id":"https:\/\/www.yazilimperver.com\/index.php\/oyun-ve-uygulamalar\/#breadcrumb","itemListElement":[{"@type":"ListItem","position":1,"name":"Ana sayfa","item":"https:\/\/www.yazilimperver.com\/"},{"@type":"ListItem","position":2,"name":"Oyun ve Uygulamalar"}]},{"@type":"WebSite","@id":"https:\/\/www.yazilimperver.com\/#website","url":"https:\/\/www.yazilimperver.com\/","name":"Yaz\u0131l\u0131mperver&#039;in D\u00fcnyas\u0131","description":"Payla\u015fmak g\u00fczeldir.","publisher":{"@id":"https:\/\/www.yazilimperver.com\/#\/schema\/person\/6497f6de4df6ba469748b861a2b3fcdb"},"potentialAction":[{"@type":"SearchAction","target":{"@type":"EntryPoint","urlTemplate":"https:\/\/www.yazilimperver.com\/?s={search_term_string}"},"query-input":"required name=search_term_string"}],"inLanguage":"tr"},{"@type":["Person","Organization"],"@id":"https:\/\/www.yazilimperver.com\/#\/schema\/person\/6497f6de4df6ba469748b861a2b3fcdb","name":"yaz\u0131l\u0131mperver","image":{"@type":"ImageObject","inLanguage":"tr","@id":"https:\/\/www.yazilimperver.com\/#\/schema\/person\/image\/","url":"https:\/\/www.yazilimperver.com\/wp-content\/uploads\/2018\/04\/OnlyIcon-1-114x114.png","contentUrl":"https:\/\/www.yazilimperver.com\/wp-content\/uploads\/2018\/04\/OnlyIcon-1-114x114.png","caption":"yaz\u0131l\u0131mperver"},"logo":{"@id":"https:\/\/www.yazilimperver.com\/#\/schema\/person\/image\/"}}]}},"_links":{"self":[{"href":"https:\/\/www.yazilimperver.com\/index.php\/wp-json\/wp\/v2\/pages\/1581","targetHints":{"allow":["GET"]}}],"collection":[{"href":"https:\/\/www.yazilimperver.com\/index.php\/wp-json\/wp\/v2\/pages"}],"about":[{"href":"https:\/\/www.yazilimperver.com\/index.php\/wp-json\/wp\/v2\/types\/page"}],"author":[{"embeddable":true,"href":"https:\/\/www.yazilimperver.com\/index.php\/wp-json\/wp\/v2\/users\/2"}],"replies":[{"embeddable":true,"href":"https:\/\/www.yazilimperver.com\/index.php\/wp-json\/wp\/v2\/comments?post=1581"}],"version-history":[{"count":10,"href":"https:\/\/www.yazilimperver.com\/index.php\/wp-json\/wp\/v2\/pages\/1581\/revisions"}],"predecessor-version":[{"id":1622,"href":"https:\/\/www.yazilimperver.com\/index.php\/wp-json\/wp\/v2\/pages\/1581\/revisions\/1622"}],"wp:attachment":[{"href":"https:\/\/www.yazilimperver.com\/index.php\/wp-json\/wp\/v2\/media?parent=1581"}],"curies":[{"name":"wp","href":"https:\/\/api.w.org\/{rel}","templated":true}]}}