{"id":2370,"date":"2021-11-29T17:29:10","date_gmt":"2021-11-29T17:29:10","guid":{"rendered":"https:\/\/www.yazilimperver.com\/index.php\/kayit-ol\/"},"modified":"2022-05-04T20:15:45","modified_gmt":"2022-05-04T20:15:45","slug":"kayit-ol","status":"publish","type":"page","link":"https:\/\/www.yazilimperver.com\/index.php\/kayit-ol\/","title":{"rendered":"Kay\u0131t ol"},"content":{"rendered":"<!-- This form was created and powered by ProfilePress WordPress plugin - https:\/\/profilepress.com -->\r\n<style type=\"text\/css\">\r\n @import url('https:\/\/fonts.googleapis.com\/css?family=Merriweather:300,400,600,700&display=swap');#pp-registration-1-wrap .profilepress-reg-status {border-radius:5px;font-size:16px;line-height:1.471;padding:10px;background-color:#e74c3c;color:#ffffff;font-weight:normal;text-align:center;vertical-align:middle;margin:10px 0;-webkit-box-sizing:border-box;-moz-box-sizing:border-box;box-sizing:border-box;max-width:100%;}#pp-registration-1-wrap .profilepress-reg-status.success {background-color:#2ecc71;color:#ffffff;}#pp-registration-1-wrap .profilepress-reg-status a {color:#fff;text-decoration:underline;}#pp-registration-1-wrap.pp-form-container {max-width:400px !important;width:100%;margin:0 auto;}.pp-form-container #pp-registration-1.ppBuildScratch {background:#ffffff;color:#69717a;font-size:14px;}.pp-form-container #pp-registration-1.ppBuildScratch .pp-form-field-wrap .pp-form-field-input-textarea-wrap {position:relative;}.pp-form-container #pp-registration-1.ppBuildScratch,.pp-form-container #pp-registration-1.ppBuildScratch * {font-family:'Merriweather',-apple-system,BlinkMacSystemFont,\"Segoe UI\",Roboto,Oxygen-Sans,Ubuntu,Cantarell,\"Helvetica Neue\",sans-serif;}.pp-form-container #pp-registration-1.ppBuildScratch .pp-form-field-wrap input,.pp-form-container #pp-registration-1.ppBuildScratch .pp-form-field-wrap select,.pp-form-container #pp-registration-1.ppBuildScratch .pp-form-field-wrap textarea {font-size:14px;border-color:#dbdbdb;background:#ffffff;color :#69717a; }.pp-form-container #pp-registration-1.ppBuildScratch .pp-form-field-wrap .pp-form-material-icons {color:#666666;}.pp-form-container #pp-registration-1.ppBuildScratch .pp-checkbox-wrap label,.pp-form-container #pp-registration-1.ppBuildScratch .pp-radio-wrap label {font-size:14px;color :#69717a;vertical-align:middle;}.pp-form-container #pp-registration-1.ppBuildScratch .pp-form-field-wrap input[type=text]:focus,.pp-form-container #pp-registration-1.ppBuildScratch .pp-form-field-wrap select:focus,.pp-form-container #pp-registration-1.ppBuildScratch .pp-form-field-wrap textarea:focus {outline:0;background:#ffffff;border-color:#999999;box-shadow:0 0 0 1px #999999;}.pp-form-container #pp-registration-1.ppBuildScratch .pp-form-field-wrap ::placeholder{color:#999999;}.pp-form-container #pp-registration-1.ppBuildScratch .pp-form-field-wrap ::-webkit-input-placeholder{color:#999999;}.pp-form-container #pp-registration-1.ppBuildScratch .pp-form-field-wrap ::-moz-placeholder{color:#999999;}.pp-form-container #pp-registration-1.ppBuildScratch .pp-form-field-wrap :-moz-placeholder{color:#999999;}.pp-form-container #pp-registration-1.ppBuildScratch .pp-form-field-wrap :-ms-input-placeholder{color:#999999;}.pp-form-container #pp-registration-1.ppBuildScratch .ppbs-headline,.pp-form-container #pp-registration-1.ppBuildScratch h1,.pp-form-container #pp-registration-1.ppBuildScratch h2,.pp-form-container #pp-registration-1.ppBuildScratch h3,.pp-form-container #pp-registration-1.ppBuildScratch {color:#444444;}.pp-form-container #pp-registration-1.ppBuildScratch .pp-form-field-wrap .pp-form-label-wrap .pp-form-label {color:#444444;font-size:14px;font-weight:bold;}.pp-form-container #pp-registration-1.ppBuildScratch .pp-form-field-description {color:#666666;text-align:left;}.pp-form-container #pp-registration-1.ppBuildScratch .pp-form-submit-button-wrap input[type=\"submit\"] {font-size:16px;font-weight:bold;background:#000000;color:#ffffff;}.pp-form-container #pp-registration-1.ppBuildScratch .pp-form-submit-button-wrap input[type=\"submit\"]:hover,.pp-form-container #pp-registration-1.ppBuildScratch .pp-form-submit-button-wrap input[type=\"submit\"]:focus {background:#dbdbdb;color:#000000;}.pp-form-container div#pp-registration-1.ppBuildScratch a.pp-button-social-login {margin-right:6.387%;}.pp-form-container div#pp-registration-1.ppBuildScratch a.pp-button-social-login {display:block;height:3em;line-height:3em;text-decoration:none;margin-bottom:10px;}.pp-form-container div#pp-registration-1.ppBuildScratch a.pp-button-social-login .ppsc {width:3em;height:3em;}.pp-form-container div#pp-registration-1.ppBuildScratch a.pp-button-social-login span.ppsc-text {margin-left:50px;}.pp-form-container div#pp-registration-12.ppBuildScratch a.pp-button-social-login:last-of-type {margin-bottom:20px;}.pp-form-container .ppress-form-bottom-links {padding-top:15px;padding-bottom:15px;text-align:center;}.pp-form-container .ppress-form-bottom-links a {line-height:22px;font-size:14px;color:#69717a !important;display:inline-block;text-decoration:none!important;font-weight:400;text-align:center;border-bottom:none!important;}.pp-form-container .ppress-form-bottom-links a:hover {text-decoration:underline!important;} \r\n<\/style><div id=\"pp-registration-1-wrap\" class=\"pp-form-container pp-registration-form-wrapper\"><form data-pp-form-submit=\"signup\" id='pp_registration_1' method=\"post\" enctype=\"multipart\/form-data\"><div id=\"pp-registration-1\" class=\"pp-form-wrapper pp-registration pp-registration-1 ppBuildScratch ppfl-pill ppsbl-pill ppsbw-full-width ppfs-medium ppfia-right\">\n<div class=\"ppbs-headline\">Bir hesap olu\u015ftur<\/div>\n\n<div class=\"pp-form-field-wrap reg-username fw-full field-has-icon fda-standard fld-above\"><div class=\"pp-form-field-input-textarea-wrap\"><input name='reg_username' type='text' id=\"khd25q0sa7k0\" placeholder=\"Kullan\u0131c\u0131 ad\u0131n\u0131z\" class=\"pp-form-field reg-username\" required=\"required\"><i class=\"pp-form-material-icons\">face<\/i><\/div><\/div><div class=\"pp-form-field-wrap reg-email fw-full field-has-icon fda-standard fld-above\"><div class=\"pp-form-field-input-textarea-wrap\"><input name='reg_email' type='text' id=\"7t966o174lm0\" placeholder=\"E-posta adresi\" class=\"pp-form-field reg-email\" required=\"required\"><i class=\"pp-form-material-icons\">email<\/i><\/div><\/div><div class=\"pp-form-field-wrap reg-password fw-full has-password-visibility-icon fda-standard fld-above\"><div class=\"pp-form-field-input-textarea-wrap\"><input name='reg_password' type='password' id=\"4lk1hgcia5e0\" placeholder=\"\u015eifre\" class=\"pp-form-field reg-password\" required=\"required\"><input name=\"reg_password_present\" type=\"hidden\" value=\"true\"><i class=\"pp-form-material-icons\">visibility<\/i><\/div><\/div><div class=\"pp-form-field-wrap reg-first-name fw-full field-has-icon fda-standard fld-above\"><div class=\"pp-form-field-input-textarea-wrap\"><input name='reg_first_name' type='text' id=\"75gss2qr4bg0\" placeholder=\"Ad\u0131n\u0131z\" class=\"pp-form-field reg-first-name\"><i class=\"pp-form-material-icons\">perm_identity<\/i><\/div><\/div><div class=\"pp-form-field-wrap reg-last-name fw-full field-has-icon fda-standard fld-above\"><div class=\"pp-form-field-input-textarea-wrap\"><input name='reg_last_name' type='text' id=\"7rhs7so9reu0\" placeholder=\"Soyad\u0131n\u0131z\" class=\"pp-form-field reg-last-name\"><i class=\"pp-form-material-icons\">perm_identity<\/i><\/div><\/div>\n<div class=\"pp-form-submit-button-wrap\">\n<input data-pp-submit-label=\"Kay\u0131t ol\" data-pp-processing-label=\"\u0130\u015flem yap\u0131l\u0131yor\" name=\"reg_submit\" type=\"submit\" class=\"pp-submit-form ppform-submit-button\" value=\"Kay\u0131t ol\" processing_label=\"\u0130\u015flem yap\u0131l\u0131yor\"><input type=\"hidden\" id=\"_wpnonce\" name=\"_wpnonce\" value=\"49eab5c007\" \/><input type=\"hidden\" name=\"_wp_http_referer\" value=\"\/index.php\/wp-json\/wp\/v2\/pages\/2370\" \/>\n<\/div>\n<\/div>\n<div class=\"ppress-form-bottom-links\">\n    <a href=\"https:\/\/www.yazilimperver.com\/index.php\/giris-yap\/\">Bir hesab\u0131n\u0131z var m\u0131? Buraya T\u0131klay\u0131n ve oturum a\u00e7\u0131n<\/a>\n<\/div><input type=\"hidden\" name=\"pp_current_url\" value=\"https:\/\/www.yazilimperver.com\/index.php\/wp-json\/wp\/v2\/pages\/2370\"><input type='hidden' name='signup_form_id' value='1'><input type='hidden' name='signup_referrer_page' value=''><\/form><\/div>\r\n<!-- \/ ProfilePress WordPress plugin. -->\r\n\n","protected":false},"excerpt":{"rendered":"","protected":false},"author":2,"featured_media":0,"parent":0,"menu_order":101,"comment_status":"closed","ping_status":"closed","template":"","meta":{"_monsterinsights_skip_tracking":false,"_monsterinsights_sitenote_active":false,"_monsterinsights_sitenote_note":"","_monsterinsights_sitenote_category":0,"footnotes":""},"class_list":["post-2370","page","type-page","status-publish","hentry"],"yoast_head":"<!-- This site is optimized with the Yoast SEO plugin v21.0 - https:\/\/yoast.com\/wordpress\/plugins\/seo\/ -->\n<title>Kay\u0131t ol - Yaz\u0131l\u0131mperver&#039;in D\u00fcnyas\u0131<\/title>\n<meta name=\"robots\" content=\"index, follow, max-snippet:-1, max-image-preview:large, max-video-preview:-1\" \/>\n<link rel=\"canonical\" href=\"https:\/\/www.yazilimperver.com\/index.php\/kayit-ol\/\" \/>\n<meta property=\"og:locale\" content=\"tr_TR\" \/>\n<meta property=\"og:type\" content=\"article\" \/>\n<meta property=\"og:title\" content=\"Kay\u0131t ol - Yaz\u0131l\u0131mperver&#039;in D\u00fcnyas\u0131\" \/>\n<meta property=\"og:url\" content=\"https:\/\/www.yazilimperver.com\/index.php\/kayit-ol\/\" \/>\n<meta property=\"og:site_name\" content=\"Yaz\u0131l\u0131mperver&#039;in D\u00fcnyas\u0131\" \/>\n<meta property=\"article:modified_time\" content=\"2022-05-04T20:15:45+00:00\" \/>\n<meta name=\"twitter:card\" content=\"summary_large_image\" \/>\n<script type=\"application\/ld+json\" class=\"yoast-schema-graph\">{\"@context\":\"https:\/\/schema.org\",\"@graph\":[{\"@type\":\"WebPage\",\"@id\":\"https:\/\/www.yazilimperver.com\/index.php\/kayit-ol\/\",\"url\":\"https:\/\/www.yazilimperver.com\/index.php\/kayit-ol\/\",\"name\":\"Kay\u0131t ol - Yaz\u0131l\u0131mperver&#039;in D\u00fcnyas\u0131\",\"isPartOf\":{\"@id\":\"https:\/\/www.yazilimperver.com\/#website\"},\"datePublished\":\"2021-11-29T17:29:10+00:00\",\"dateModified\":\"2022-05-04T20:15:45+00:00\",\"breadcrumb\":{\"@id\":\"https:\/\/www.yazilimperver.com\/index.php\/kayit-ol\/#breadcrumb\"},\"inLanguage\":\"tr\",\"potentialAction\":[{\"@type\":\"ReadAction\",\"target\":[\"https:\/\/www.yazilimperver.com\/index.php\/kayit-ol\/\"]}]},{\"@type\":\"BreadcrumbList\",\"@id\":\"https:\/\/www.yazilimperver.com\/index.php\/kayit-ol\/#breadcrumb\",\"itemListElement\":[{\"@type\":\"ListItem\",\"position\":1,\"name\":\"Ana sayfa\",\"item\":\"https:\/\/www.yazilimperver.com\/\"},{\"@type\":\"ListItem\",\"position\":2,\"name\":\"Kay\u0131t ol\"}]},{\"@type\":\"WebSite\",\"@id\":\"https:\/\/www.yazilimperver.com\/#website\",\"url\":\"https:\/\/www.yazilimperver.com\/\",\"name\":\"Yaz\u0131l\u0131mperver&#039;in D\u00fcnyas\u0131\",\"description\":\"Payla\u015fmak g\u00fczeldir.\",\"publisher\":{\"@id\":\"https:\/\/www.yazilimperver.com\/#\/schema\/person\/6497f6de4df6ba469748b861a2b3fcdb\"},\"potentialAction\":[{\"@type\":\"SearchAction\",\"target\":{\"@type\":\"EntryPoint\",\"urlTemplate\":\"https:\/\/www.yazilimperver.com\/?s={search_term_string}\"},\"query-input\":\"required name=search_term_string\"}],\"inLanguage\":\"tr\"},{\"@type\":[\"Person\",\"Organization\"],\"@id\":\"https:\/\/www.yazilimperver.com\/#\/schema\/person\/6497f6de4df6ba469748b861a2b3fcdb\",\"name\":\"yaz\u0131l\u0131mperver\",\"image\":{\"@type\":\"ImageObject\",\"inLanguage\":\"tr\",\"@id\":\"https:\/\/www.yazilimperver.com\/#\/schema\/person\/image\/\",\"url\":\"https:\/\/www.yazilimperver.com\/wp-content\/uploads\/2018\/04\/OnlyIcon-1-114x114.png\",\"contentUrl\":\"https:\/\/www.yazilimperver.com\/wp-content\/uploads\/2018\/04\/OnlyIcon-1-114x114.png\",\"caption\":\"yaz\u0131l\u0131mperver\"},\"logo\":{\"@id\":\"https:\/\/www.yazilimperver.com\/#\/schema\/person\/image\/\"}}]}<\/script>\n<!-- \/ Yoast SEO plugin. -->","yoast_head_json":{"title":"Kay\u0131t ol - Yaz\u0131l\u0131mperver&#039;in D\u00fcnyas\u0131","robots":{"index":"index","follow":"follow","max-snippet":"max-snippet:-1","max-image-preview":"max-image-preview:large","max-video-preview":"max-video-preview:-1"},"canonical":"https:\/\/www.yazilimperver.com\/index.php\/kayit-ol\/","og_locale":"tr_TR","og_type":"article","og_title":"Kay\u0131t ol - Yaz\u0131l\u0131mperver&#039;in D\u00fcnyas\u0131","og_url":"https:\/\/www.yazilimperver.com\/index.php\/kayit-ol\/","og_site_name":"Yaz\u0131l\u0131mperver&#039;in D\u00fcnyas\u0131","article_modified_time":"2022-05-04T20:15:45+00:00","twitter_card":"summary_large_image","schema":{"@context":"https:\/\/schema.org","@graph":[{"@type":"WebPage","@id":"https:\/\/www.yazilimperver.com\/index.php\/kayit-ol\/","url":"https:\/\/www.yazilimperver.com\/index.php\/kayit-ol\/","name":"Kay\u0131t ol - Yaz\u0131l\u0131mperver&#039;in D\u00fcnyas\u0131","isPartOf":{"@id":"https:\/\/www.yazilimperver.com\/#website"},"datePublished":"2021-11-29T17:29:10+00:00","dateModified":"2022-05-04T20:15:45+00:00","breadcrumb":{"@id":"https:\/\/www.yazilimperver.com\/index.php\/kayit-ol\/#breadcrumb"},"inLanguage":"tr","potentialAction":[{"@type":"ReadAction","target":["https:\/\/www.yazilimperver.com\/index.php\/kayit-ol\/"]}]},{"@type":"BreadcrumbList","@id":"https:\/\/www.yazilimperver.com\/index.php\/kayit-ol\/#breadcrumb","itemListElement":[{"@type":"ListItem","position":1,"name":"Ana sayfa","item":"https:\/\/www.yazilimperver.com\/"},{"@type":"ListItem","position":2,"name":"Kay\u0131t ol"}]},{"@type":"WebSite","@id":"https:\/\/www.yazilimperver.com\/#website","url":"https:\/\/www.yazilimperver.com\/","name":"Yaz\u0131l\u0131mperver&#039;in D\u00fcnyas\u0131","description":"Payla\u015fmak g\u00fczeldir.","publisher":{"@id":"https:\/\/www.yazilimperver.com\/#\/schema\/person\/6497f6de4df6ba469748b861a2b3fcdb"},"potentialAction":[{"@type":"SearchAction","target":{"@type":"EntryPoint","urlTemplate":"https:\/\/www.yazilimperver.com\/?s={search_term_string}"},"query-input":"required name=search_term_string"}],"inLanguage":"tr"},{"@type":["Person","Organization"],"@id":"https:\/\/www.yazilimperver.com\/#\/schema\/person\/6497f6de4df6ba469748b861a2b3fcdb","name":"yaz\u0131l\u0131mperver","image":{"@type":"ImageObject","inLanguage":"tr","@id":"https:\/\/www.yazilimperver.com\/#\/schema\/person\/image\/","url":"https:\/\/www.yazilimperver.com\/wp-content\/uploads\/2018\/04\/OnlyIcon-1-114x114.png","contentUrl":"https:\/\/www.yazilimperver.com\/wp-content\/uploads\/2018\/04\/OnlyIcon-1-114x114.png","caption":"yaz\u0131l\u0131mperver"},"logo":{"@id":"https:\/\/www.yazilimperver.com\/#\/schema\/person\/image\/"}}]}},"_links":{"self":[{"href":"https:\/\/www.yazilimperver.com\/index.php\/wp-json\/wp\/v2\/pages\/2370","targetHints":{"allow":["GET"]}}],"collection":[{"href":"https:\/\/www.yazilimperver.com\/index.php\/wp-json\/wp\/v2\/pages"}],"about":[{"href":"https:\/\/www.yazilimperver.com\/index.php\/wp-json\/wp\/v2\/types\/page"}],"author":[{"embeddable":true,"href":"https:\/\/www.yazilimperver.com\/index.php\/wp-json\/wp\/v2\/users\/2"}],"replies":[{"embeddable":true,"href":"https:\/\/www.yazilimperver.com\/index.php\/wp-json\/wp\/v2\/comments?post=2370"}],"version-history":[{"count":1,"href":"https:\/\/www.yazilimperver.com\/index.php\/wp-json\/wp\/v2\/pages\/2370\/revisions"}],"predecessor-version":[{"id":2554,"href":"https:\/\/www.yazilimperver.com\/index.php\/wp-json\/wp\/v2\/pages\/2370\/revisions\/2554"}],"wp:attachment":[{"href":"https:\/\/www.yazilimperver.com\/index.php\/wp-json\/wp\/v2\/media?parent=2370"}],"curies":[{"name":"wp","href":"https:\/\/api.w.org\/{rel}","templated":true}]}}