{"id":962,"date":"2019-03-08T20:24:59","date_gmt":"2019-03-08T20:24:59","guid":{"rendered":"http:\/\/www.yazilimperver.com\/?page_id=962"},"modified":"2022-05-04T20:16:56","modified_gmt":"2022-05-04T20:16:56","slug":"geri-bildirim-ve-oneri-sayfasi","status":"publish","type":"page","link":"https:\/\/www.yazilimperver.com\/index.php\/geri-bildirim-ve-oneri-sayfasi\/","title":{"rendered":"Geri Bildirim ve \u00d6neri Sayfas\u0131"},"content":{"rendered":"<p>\n<div class=\"wpcf7 no-js\" id=\"wpcf7-f955-o1\" lang=\"en-US\" dir=\"ltr\">\n<div class=\"screen-reader-response\"><p role=\"status\" aria-live=\"polite\" aria-atomic=\"true\"><\/p> <ul><\/ul><\/div>\n<form action=\"\/index.php\/wp-json\/wp\/v2\/pages\/962#wpcf7-f955-o1\" method=\"post\" class=\"wpcf7-form init\" aria-label=\"Contact form\" novalidate=\"novalidate\" data-status=\"init\">\n<div style=\"display: none;\">\n<input type=\"hidden\" name=\"_wpcf7\" value=\"955\" \/>\n<input type=\"hidden\" name=\"_wpcf7_version\" value=\"5.8.5\" \/>\n<input type=\"hidden\" name=\"_wpcf7_locale\" value=\"en_US\" \/>\n<input type=\"hidden\" name=\"_wpcf7_unit_tag\" value=\"wpcf7-f955-o1\" \/>\n<input type=\"hidden\" name=\"_wpcf7_container_post\" value=\"0\" \/>\n<input type=\"hidden\" name=\"_wpcf7_posted_data_hash\" value=\"\" \/>\n<input type=\"hidden\" name=\"_wpcf7_recaptcha_response\" value=\"\" \/>\n<\/div>\n<p><label> \u0130sminiz (*gerekli):<br \/>\n<span class=\"wpcf7-form-control-wrap\" data-name=\"your-name\"><input size=\"40\" class=\"wpcf7-form-control wpcf7-text wpcf7-validates-as-required\" aria-required=\"true\" aria-invalid=\"false\" value=\"\" type=\"text\" name=\"your-name\" \/><\/span> <\/label>\n<\/p>\n<p><label> E-Posta Adresiniz (*gerekli):<br \/>\n<span class=\"wpcf7-form-control-wrap\" data-name=\"your-email\"><input size=\"40\" class=\"wpcf7-form-control wpcf7-email wpcf7-validates-as-required wpcf7-text wpcf7-validates-as-email\" aria-required=\"true\" aria-invalid=\"false\" value=\"\" type=\"email\" name=\"your-email\" \/><\/span> <\/label>\n<\/p>\n<p><Label> Geribildirim T\u00fcr\u00fc:<br \/>\n<span class=\"wpcf7-form-control-wrap\" data-name=\"FeedbackType\"><select class=\"wpcf7-form-control wpcf7-select wpcf7-validates-as-required\" aria-required=\"true\" aria-invalid=\"false\" name=\"FeedbackType\"><option value=\"Genel G\u00f6r\u00fc\u015f\/Te\u015fekk\u00fcr\">Genel G\u00f6r\u00fc\u015f\/Te\u015fekk\u00fcr<\/option><option value=\"Yaz\u0131\/Konu \u00d6nerisi\">Yaz\u0131\/Konu \u00d6nerisi<\/option><option value=\"Yaz\u0131m Hatas\u0131\">Yaz\u0131m Hatas\u0131<\/option><option value=\"Di\u011fer\">Di\u011fer<\/option><\/select><\/span><br \/>\n<label> Geribildirim \u0130\u00e7erik:<br \/>\n<span class=\"wpcf7-form-control-wrap\" data-name=\"your-message\"><textarea cols=\"40\" rows=\"10\" class=\"wpcf7-form-control wpcf7-textarea\" aria-invalid=\"false\" name=\"your-message\"><\/textarea><\/span> <\/label><br \/>\n<input class=\"wpcf7-form-control wpcf7-submit has-spinner\" type=\"submit\" value=\"G\u00f6nder\" \/><\/label>\n<\/p><p style=\"display: none !important;\"><label>&#916;<textarea name=\"_wpcf7_ak_hp_textarea\" cols=\"45\" rows=\"8\" maxlength=\"100\"><\/textarea><\/label><input type=\"hidden\" id=\"ak_js_1\" name=\"_wpcf7_ak_js\" value=\"209\"\/><script>document.getElementById( \"ak_js_1\" ).setAttribute( \"value\", ( new Date() ).getTime() );<\/script><\/p><div class=\"wpcf7-response-output\" aria-hidden=\"true\"><\/div>\n<\/form>\n<\/div>\n<\/p>","protected":false},"excerpt":{"rendered":"","protected":false},"author":2,"featured_media":0,"parent":0,"menu_order":3,"comment_status":"closed","ping_status":"closed","template":"","meta":{"_monsterinsights_skip_tracking":false,"_monsterinsights_sitenote_active":false,"_monsterinsights_sitenote_note":"","_monsterinsights_sitenote_category":0,"footnotes":""},"class_list":["post-962","page","type-page","status-publish","hentry"],"yoast_head":"<!-- This site is optimized with the Yoast SEO plugin v21.0 - https:\/\/yoast.com\/wordpress\/plugins\/seo\/ -->\n<title>Geri Bildirim ve \u00d6neri Sayfas\u0131 - Yaz\u0131l\u0131mperver&#039;in D\u00fcnyas\u0131<\/title>\n<meta name=\"robots\" content=\"index, follow, max-snippet:-1, max-image-preview:large, max-video-preview:-1\" \/>\n<link rel=\"canonical\" href=\"https:\/\/www.yazilimperver.com\/index.php\/geri-bildirim-ve-oneri-sayfasi\/\" \/>\n<meta property=\"og:locale\" content=\"tr_TR\" \/>\n<meta property=\"og:type\" content=\"article\" \/>\n<meta property=\"og:title\" content=\"[:tr]Geri Bildirim ve \u00d6neri Sayfas\u0131[:en]Feedback and Suggestion Page[:] - Yaz\u0131l\u0131mperver&#039;in D\u00fcnyas\u0131\" \/>\n<meta property=\"og:url\" content=\"https:\/\/www.yazilimperver.com\/index.php\/geri-bildirim-ve-oneri-sayfasi\/\" \/>\n<meta property=\"og:site_name\" content=\"Yaz\u0131l\u0131mperver&#039;in D\u00fcnyas\u0131\" \/>\n<meta property=\"article:modified_time\" content=\"2022-05-04T20:16:56+00:00\" \/>\n<meta name=\"twitter:card\" content=\"summary_large_image\" \/>\n<script type=\"application\/ld+json\" class=\"yoast-schema-graph\">{\"@context\":\"https:\/\/schema.org\",\"@graph\":[{\"@type\":\"WebPage\",\"@id\":\"https:\/\/www.yazilimperver.com\/index.php\/geri-bildirim-ve-oneri-sayfasi\/\",\"url\":\"https:\/\/www.yazilimperver.com\/index.php\/geri-bildirim-ve-oneri-sayfasi\/\",\"name\":\"[:tr]Geri Bildirim ve \u00d6neri Sayfas\u0131[:en]Feedback and Suggestion Page[:] - Yaz\u0131l\u0131mperver&#039;in D\u00fcnyas\u0131\",\"isPartOf\":{\"@id\":\"https:\/\/www.yazilimperver.com\/#website\"},\"datePublished\":\"2019-03-08T20:24:59+00:00\",\"dateModified\":\"2022-05-04T20:16:56+00:00\",\"breadcrumb\":{\"@id\":\"https:\/\/www.yazilimperver.com\/index.php\/geri-bildirim-ve-oneri-sayfasi\/#breadcrumb\"},\"inLanguage\":\"tr\",\"potentialAction\":[{\"@type\":\"ReadAction\",\"target\":[\"https:\/\/www.yazilimperver.com\/index.php\/geri-bildirim-ve-oneri-sayfasi\/\"]}]},{\"@type\":\"BreadcrumbList\",\"@id\":\"https:\/\/www.yazilimperver.com\/index.php\/geri-bildirim-ve-oneri-sayfasi\/#breadcrumb\",\"itemListElement\":[{\"@type\":\"ListItem\",\"position\":1,\"name\":\"Ana sayfa\",\"item\":\"https:\/\/www.yazilimperver.com\/\"},{\"@type\":\"ListItem\",\"position\":2,\"name\":\"Geri Bildirim ve \u00d6neri Sayfas\u0131\"}]},{\"@type\":\"WebSite\",\"@id\":\"https:\/\/www.yazilimperver.com\/#website\",\"url\":\"https:\/\/www.yazilimperver.com\/\",\"name\":\"Yaz\u0131l\u0131mperver&#039;in D\u00fcnyas\u0131\",\"description\":\"Payla\u015fmak g\u00fczeldir.\",\"publisher\":{\"@id\":\"https:\/\/www.yazilimperver.com\/#\/schema\/person\/6497f6de4df6ba469748b861a2b3fcdb\"},\"potentialAction\":[{\"@type\":\"SearchAction\",\"target\":{\"@type\":\"EntryPoint\",\"urlTemplate\":\"https:\/\/www.yazilimperver.com\/?s={search_term_string}\"},\"query-input\":\"required name=search_term_string\"}],\"inLanguage\":\"tr\"},{\"@type\":[\"Person\",\"Organization\"],\"@id\":\"https:\/\/www.yazilimperver.com\/#\/schema\/person\/6497f6de4df6ba469748b861a2b3fcdb\",\"name\":\"yaz\u0131l\u0131mperver\",\"image\":{\"@type\":\"ImageObject\",\"inLanguage\":\"tr\",\"@id\":\"https:\/\/www.yazilimperver.com\/#\/schema\/person\/image\/\",\"url\":\"https:\/\/www.yazilimperver.com\/wp-content\/uploads\/2018\/04\/OnlyIcon-1-114x114.png\",\"contentUrl\":\"https:\/\/www.yazilimperver.com\/wp-content\/uploads\/2018\/04\/OnlyIcon-1-114x114.png\",\"caption\":\"yaz\u0131l\u0131mperver\"},\"logo\":{\"@id\":\"https:\/\/www.yazilimperver.com\/#\/schema\/person\/image\/\"}}]}<\/script>\n<!-- \/ Yoast SEO plugin. -->","yoast_head_json":{"title":"[:tr]Geri Bildirim ve \u00d6neri Sayfas\u0131[:en]Feedback and Suggestion Page[:] - Yaz\u0131l\u0131mperver&#039;in D\u00fcnyas\u0131","robots":{"index":"index","follow":"follow","max-snippet":"max-snippet:-1","max-image-preview":"max-image-preview:large","max-video-preview":"max-video-preview:-1"},"canonical":"https:\/\/www.yazilimperver.com\/index.php\/geri-bildirim-ve-oneri-sayfasi\/","og_locale":"tr_TR","og_type":"article","og_title":"[:tr]Geri Bildirim ve \u00d6neri Sayfas\u0131[:en]Feedback and Suggestion Page[:] - Yaz\u0131l\u0131mperver&#039;in D\u00fcnyas\u0131","og_url":"https:\/\/www.yazilimperver.com\/index.php\/geri-bildirim-ve-oneri-sayfasi\/","og_site_name":"Yaz\u0131l\u0131mperver&#039;in D\u00fcnyas\u0131","article_modified_time":"2022-05-04T20:16:56+00:00","twitter_card":"summary_large_image","schema":{"@context":"https:\/\/schema.org","@graph":[{"@type":"WebPage","@id":"https:\/\/www.yazilimperver.com\/index.php\/geri-bildirim-ve-oneri-sayfasi\/","url":"https:\/\/www.yazilimperver.com\/index.php\/geri-bildirim-ve-oneri-sayfasi\/","name":"[:tr]Geri Bildirim ve \u00d6neri Sayfas\u0131[:en]Feedback and Suggestion Page[:] - Yaz\u0131l\u0131mperver&#039;in D\u00fcnyas\u0131","isPartOf":{"@id":"https:\/\/www.yazilimperver.com\/#website"},"datePublished":"2019-03-08T20:24:59+00:00","dateModified":"2022-05-04T20:16:56+00:00","breadcrumb":{"@id":"https:\/\/www.yazilimperver.com\/index.php\/geri-bildirim-ve-oneri-sayfasi\/#breadcrumb"},"inLanguage":"tr","potentialAction":[{"@type":"ReadAction","target":["https:\/\/www.yazilimperver.com\/index.php\/geri-bildirim-ve-oneri-sayfasi\/"]}]},{"@type":"BreadcrumbList","@id":"https:\/\/www.yazilimperver.com\/index.php\/geri-bildirim-ve-oneri-sayfasi\/#breadcrumb","itemListElement":[{"@type":"ListItem","position":1,"name":"Ana sayfa","item":"https:\/\/www.yazilimperver.com\/"},{"@type":"ListItem","position":2,"name":"Geri Bildirim ve \u00d6neri Sayfas\u0131"}]},{"@type":"WebSite","@id":"https:\/\/www.yazilimperver.com\/#website","url":"https:\/\/www.yazilimperver.com\/","name":"Yaz\u0131l\u0131mperver&#039;in D\u00fcnyas\u0131","description":"Payla\u015fmak g\u00fczeldir.","publisher":{"@id":"https:\/\/www.yazilimperver.com\/#\/schema\/person\/6497f6de4df6ba469748b861a2b3fcdb"},"potentialAction":[{"@type":"SearchAction","target":{"@type":"EntryPoint","urlTemplate":"https:\/\/www.yazilimperver.com\/?s={search_term_string}"},"query-input":"required name=search_term_string"}],"inLanguage":"tr"},{"@type":["Person","Organization"],"@id":"https:\/\/www.yazilimperver.com\/#\/schema\/person\/6497f6de4df6ba469748b861a2b3fcdb","name":"yaz\u0131l\u0131mperver","image":{"@type":"ImageObject","inLanguage":"tr","@id":"https:\/\/www.yazilimperver.com\/#\/schema\/person\/image\/","url":"https:\/\/www.yazilimperver.com\/wp-content\/uploads\/2018\/04\/OnlyIcon-1-114x114.png","contentUrl":"https:\/\/www.yazilimperver.com\/wp-content\/uploads\/2018\/04\/OnlyIcon-1-114x114.png","caption":"yaz\u0131l\u0131mperver"},"logo":{"@id":"https:\/\/www.yazilimperver.com\/#\/schema\/person\/image\/"}}]}},"_links":{"self":[{"href":"https:\/\/www.yazilimperver.com\/index.php\/wp-json\/wp\/v2\/pages\/962","targetHints":{"allow":["GET"]}}],"collection":[{"href":"https:\/\/www.yazilimperver.com\/index.php\/wp-json\/wp\/v2\/pages"}],"about":[{"href":"https:\/\/www.yazilimperver.com\/index.php\/wp-json\/wp\/v2\/types\/page"}],"author":[{"embeddable":true,"href":"https:\/\/www.yazilimperver.com\/index.php\/wp-json\/wp\/v2\/users\/2"}],"replies":[{"embeddable":true,"href":"https:\/\/www.yazilimperver.com\/index.php\/wp-json\/wp\/v2\/comments?post=962"}],"version-history":[{"count":3,"href":"https:\/\/www.yazilimperver.com\/index.php\/wp-json\/wp\/v2\/pages\/962\/revisions"}],"predecessor-version":[{"id":1049,"href":"https:\/\/www.yazilimperver.com\/index.php\/wp-json\/wp\/v2\/pages\/962\/revisions\/1049"}],"wp:attachment":[{"href":"https:\/\/www.yazilimperver.com\/index.php\/wp-json\/wp\/v2\/media?parent=962"}],"curies":[{"name":"wp","href":"https:\/\/api.w.org\/{rel}","templated":true}]}}